{"id":10376,"date":"2022-12-13T10:47:23","date_gmt":"2022-12-13T01:47:23","guid":{"rendered":"https:\/\/tomatoglasses.com\/de\/?post_type=product&#038;p=10376"},"modified":"2025-10-01T10:26:17","modified_gmt":"2025-10-01T01:26:17","slug":"tkcc24","status":"publish","type":"product","link":"https:\/\/tomatoglasses.com\/de\/product\/tkcc24\/","title":{"rendered":"TKCC24"},"content":{"rendered":"<p>Ein Rahmen f\u00fcr Kinder von ca. 2 bis zu 8 Jahren.<\/p>\n<img loading=\"lazy\" decoding=\"async\" class=\"alignnone size-full wp-image-10377\" src=\"https:\/\/tomatoglasses.com\/de\/wp-content\/uploads\/sites\/7\/2022\/12\/TKCC24_detail_img_01.jpg\" alt=\"\" width=\"840\" height=\"370\" srcset=\"https:\/\/tomatoglasses.com\/de\/wp-content\/uploads\/sites\/7\/2022\/12\/TKCC24_detail_img_01.jpg 840w, https:\/\/tomatoglasses.com\/de\/wp-content\/uploads\/sites\/7\/2022\/12\/TKCC24_detail_img_01-300x132.jpg 300w, https:\/\/tomatoglasses.com\/de\/wp-content\/uploads\/sites\/7\/2022\/12\/TKCC24_detail_img_01-768x338.jpg 768w, https:\/\/tomatoglasses.com\/de\/wp-content\/uploads\/sites\/7\/2022\/12\/TKCC24_detail_img_01-686x302.jpg 686w\" sizes=\"auto, (max-width: 840px) 100vw, 840px\" \/> <img loading=\"lazy\" decoding=\"async\" class=\"alignnone size-full wp-image-10378\" src=\"https:\/\/tomatoglasses.com\/de\/wp-content\/uploads\/sites\/7\/2022\/12\/TKCC24_detail_img_02.jpg\" alt=\"\" width=\"840\" height=\"370\" srcset=\"https:\/\/tomatoglasses.com\/de\/wp-content\/uploads\/sites\/7\/2022\/12\/TKCC24_detail_img_02.jpg 840w, https:\/\/tomatoglasses.com\/de\/wp-content\/uploads\/sites\/7\/2022\/12\/TKCC24_detail_img_02-300x132.jpg 300w, https:\/\/tomatoglasses.com\/de\/wp-content\/uploads\/sites\/7\/2022\/12\/TKCC24_detail_img_02-768x338.jpg 768w, https:\/\/tomatoglasses.com\/de\/wp-content\/uploads\/sites\/7\/2022\/12\/TKCC24_detail_img_02-686x302.jpg 686w\" sizes=\"auto, (max-width: 840px) 100vw, 840px\" \/> <img loading=\"lazy\" decoding=\"async\" class=\"alignnone size-full wp-image-10379\" src=\"https:\/\/tomatoglasses.com\/de\/wp-content\/uploads\/sites\/7\/2022\/12\/TKCC24_detail_img_03.jpg\" alt=\"\" width=\"840\" height=\"370\" srcset=\"https:\/\/tomatoglasses.com\/de\/wp-content\/uploads\/sites\/7\/2022\/12\/TKCC24_detail_img_03.jpg 840w, https:\/\/tomatoglasses.com\/de\/wp-content\/uploads\/sites\/7\/2022\/12\/TKCC24_detail_img_03-300x132.jpg 300w, https:\/\/tomatoglasses.com\/de\/wp-content\/uploads\/sites\/7\/2022\/12\/TKCC24_detail_img_03-768x338.jpg 768w, https:\/\/tomatoglasses.com\/de\/wp-content\/uploads\/sites\/7\/2022\/12\/TKCC24_detail_img_03-686x302.jpg 686w\" sizes=\"auto, (max-width: 840px) 100vw, 840px\" \/>\n<h3>Mit blauem Glitter \u00fcberzogen<\/h3>\n<img loading=\"lazy\" decoding=\"async\" class=\"alignnone size-full wp-image-16260\" src=\"https:\/\/tomatoglasses.com\/wp-content\/uploads\/2022\/12\/TOMATO-KIDS-A_\ube14\ub8e8\ud384.jpg\" alt=\"\" width=\"840\" height=\"370\" \/>\n<p>Es sieht transparent aus, enth\u00e4lt aber Glitzer, der blau funkelt, wenn Licht darauf f\u00e4llt.<\/p>\n","protected":false},"excerpt":{"rendered":"<p>Ein Rahmen f\u00fcr Kinder von ca. 2 bis zu 8 Jahren. Mit blauem Glitter \u00fcberzogen Es sieht transparent aus, enth\u00e4lt aber Glitzer, der blau funkelt, wenn Licht darauf f\u00e4llt.<\/p>\n","protected":false},"featured_media":10833,"comment_status":"open","ping_status":"closed","template":"","meta":[],"class_list":["post-10376","product","type-product","status-publish","has-post-thumbnail","hentry","product_cat-tomato-kids-c","product_tag-eyewear","product_tag-glasses","product_tag-kids","product_tag-tomato"],"_links":{"self":[{"href":"https:\/\/tomatoglasses.com\/de\/wp-json\/wp\/v2\/product\/10376","targetHints":{"allow":["GET"]}}],"collection":[{"href":"https:\/\/tomatoglasses.com\/de\/wp-json\/wp\/v2\/product"}],"about":[{"href":"https:\/\/tomatoglasses.com\/de\/wp-json\/wp\/v2\/types\/product"}],"replies":[{"embeddable":true,"href":"https:\/\/tomatoglasses.com\/de\/wp-json\/wp\/v2\/comments?post=10376"}],"wp:featuredmedia":[{"embeddable":true,"href":"https:\/\/tomatoglasses.com\/de\/wp-json\/wp\/v2\/media\/10833"}],"wp:attachment":[{"href":"https:\/\/tomatoglasses.com\/de\/wp-json\/wp\/v2\/media?parent=10376"}],"curies":[{"name":"wp","href":"https:\/\/api.w.org\/{rel}","templated":true}]}}