{"id":11259,"date":"2025-09-30T11:20:03","date_gmt":"2025-09-30T02:20:03","guid":{"rendered":"https:\/\/tomatoglasses.com\/de\/?post_type=product&#038;p=11259"},"modified":"2025-10-13T10:23:32","modified_gmt":"2025-10-13T01:23:32","slug":"tkbc31","status":"publish","type":"product","link":"https:\/\/tomatoglasses.com\/de\/product\/tkbc31\/","title":{"rendered":"TKBC31"},"content":{"rendered":"<img loading=\"lazy\" decoding=\"async\" class=\"alignnone size-full wp-image-11264\" src=\"https:\/\/tomatoglasses.com\/de\/wp-content\/uploads\/sites\/7\/2025\/09\/TKBC31_detail_img_01.jpg\" alt=\"\" width=\"840\" height=\"370\" srcset=\"https:\/\/tomatoglasses.com\/de\/wp-content\/uploads\/sites\/7\/2025\/09\/TKBC31_detail_img_01.jpg 840w, https:\/\/tomatoglasses.com\/de\/wp-content\/uploads\/sites\/7\/2025\/09\/TKBC31_detail_img_01-300x132.jpg 300w, https:\/\/tomatoglasses.com\/de\/wp-content\/uploads\/sites\/7\/2025\/09\/TKBC31_detail_img_01-768x338.jpg 768w, https:\/\/tomatoglasses.com\/de\/wp-content\/uploads\/sites\/7\/2025\/09\/TKBC31_detail_img_01-686x302.jpg 686w\" sizes=\"auto, (max-width: 840px) 100vw, 840px\" \/> <img loading=\"lazy\" decoding=\"async\" class=\"alignnone size-full wp-image-11265\" src=\"https:\/\/tomatoglasses.com\/de\/wp-content\/uploads\/sites\/7\/2025\/09\/TKBC31_detail_img_02.jpg\" alt=\"\" width=\"840\" height=\"370\" srcset=\"https:\/\/tomatoglasses.com\/de\/wp-content\/uploads\/sites\/7\/2025\/09\/TKBC31_detail_img_02.jpg 840w, https:\/\/tomatoglasses.com\/de\/wp-content\/uploads\/sites\/7\/2025\/09\/TKBC31_detail_img_02-300x132.jpg 300w, https:\/\/tomatoglasses.com\/de\/wp-content\/uploads\/sites\/7\/2025\/09\/TKBC31_detail_img_02-768x338.jpg 768w, https:\/\/tomatoglasses.com\/de\/wp-content\/uploads\/sites\/7\/2025\/09\/TKBC31_detail_img_02-686x302.jpg 686w\" sizes=\"auto, (max-width: 840px) 100vw, 840px\" \/> <img loading=\"lazy\" decoding=\"async\" class=\"alignnone size-full wp-image-11266\" src=\"https:\/\/tomatoglasses.com\/de\/wp-content\/uploads\/sites\/7\/2025\/09\/TKBC31_detail_img_03.jpg\" alt=\"\" width=\"840\" height=\"370\" srcset=\"https:\/\/tomatoglasses.com\/de\/wp-content\/uploads\/sites\/7\/2025\/09\/TKBC31_detail_img_03.jpg 840w, https:\/\/tomatoglasses.com\/de\/wp-content\/uploads\/sites\/7\/2025\/09\/TKBC31_detail_img_03-300x132.jpg 300w, https:\/\/tomatoglasses.com\/de\/wp-content\/uploads\/sites\/7\/2025\/09\/TKBC31_detail_img_03-768x338.jpg 768w, https:\/\/tomatoglasses.com\/de\/wp-content\/uploads\/sites\/7\/2025\/09\/TKBC31_detail_img_03-686x302.jpg 686w\" sizes=\"auto, (max-width: 840px) 100vw, 840px\" \/>\n<h3>Innen mit Glitzer beschichtet<\/h3>\n<p><img loading=\"lazy\" decoding=\"async\" class=\"alignnone wp-image-11708 size-full\" src=\"https:\/\/tomatoglasses.com\/de\/wp-content\/uploads\/sites\/7\/2025\/09\/tkbctkcc-t_pink\uc548\uba74.jpg\" alt=\"\" width=\"840\" height=\"370\" srcset=\"https:\/\/tomatoglasses.com\/de\/wp-content\/uploads\/sites\/7\/2025\/09\/tkbctkcc-t_pink\uc548\uba74.jpg 840w, https:\/\/tomatoglasses.com\/de\/wp-content\/uploads\/sites\/7\/2025\/09\/tkbctkcc-t_pink\uc548\uba74-300x132.jpg 300w, https:\/\/tomatoglasses.com\/de\/wp-content\/uploads\/sites\/7\/2025\/09\/tkbctkcc-t_pink\uc548\uba74-768x338.jpg 768w, https:\/\/tomatoglasses.com\/de\/wp-content\/uploads\/sites\/7\/2025\/09\/tkbctkcc-t_pink\uc548\uba74-686x302.jpg 686w\" sizes=\"auto, (max-width: 840px) 100vw, 840px\" \/><br \/>\nInnen<\/p>\n<p><img loading=\"lazy\" decoding=\"async\" class=\"alignnone wp-image-11707 size-full\" src=\"https:\/\/tomatoglasses.com\/de\/wp-content\/uploads\/sites\/7\/2025\/09\/tkbctkcc-t_pink\uac89\uba74.jpg\" alt=\"\" width=\"840\" height=\"370\" srcset=\"https:\/\/tomatoglasses.com\/de\/wp-content\/uploads\/sites\/7\/2025\/09\/tkbctkcc-t_pink\uac89\uba74.jpg 840w, https:\/\/tomatoglasses.com\/de\/wp-content\/uploads\/sites\/7\/2025\/09\/tkbctkcc-t_pink\uac89\uba74-300x132.jpg 300w, https:\/\/tomatoglasses.com\/de\/wp-content\/uploads\/sites\/7\/2025\/09\/tkbctkcc-t_pink\uac89\uba74-768x338.jpg 768w, https:\/\/tomatoglasses.com\/de\/wp-content\/uploads\/sites\/7\/2025\/09\/tkbctkcc-t_pink\uac89\uba74-686x302.jpg 686w\" sizes=\"auto, (max-width: 840px) 100vw, 840px\" \/><br \/>\nAu\u00dfen<\/p>\n<p>Bitte beachten Sie, dass die Glitzerbeschichtung nur auf der Innenseite aufgetragen ist. Innen- und Au\u00dfenseite haben unterschiedliche Oberfl\u00e4chen<\/p>\n","protected":false},"excerpt":{"rendered":"<p>Innen mit Glitzer beschichtet Innen Au\u00dfen Bitte beachten Sie, dass die Glitzerbeschichtung nur auf der Innenseite aufgetragen ist. Innen- und Au\u00dfenseite haben unterschiedliche Oberfl\u00e4chen<\/p>\n","protected":false},"featured_media":11267,"comment_status":"open","ping_status":"closed","template":"","meta":[],"class_list":["post-11259","product","type-product","status-publish","has-post-thumbnail","hentry","product_cat-tomato-kids-b"],"_links":{"self":[{"href":"https:\/\/tomatoglasses.com\/de\/wp-json\/wp\/v2\/product\/11259","targetHints":{"allow":["GET"]}}],"collection":[{"href":"https:\/\/tomatoglasses.com\/de\/wp-json\/wp\/v2\/product"}],"about":[{"href":"https:\/\/tomatoglasses.com\/de\/wp-json\/wp\/v2\/types\/product"}],"replies":[{"embeddable":true,"href":"https:\/\/tomatoglasses.com\/de\/wp-json\/wp\/v2\/comments?post=11259"}],"wp:featuredmedia":[{"embeddable":true,"href":"https:\/\/tomatoglasses.com\/de\/wp-json\/wp\/v2\/media\/11267"}],"wp:attachment":[{"href":"https:\/\/tomatoglasses.com\/de\/wp-json\/wp\/v2\/media?parent=11259"}],"curies":[{"name":"wp","href":"https:\/\/api.w.org\/{rel}","templated":true}]}}