{"id":11263,"date":"2025-09-30T11:21:52","date_gmt":"2025-09-30T02:21:52","guid":{"rendered":"https:\/\/tomatoglasses.com\/de\/?post_type=product&#038;p=11263"},"modified":"2025-10-13T10:24:24","modified_gmt":"2025-10-13T01:24:24","slug":"tkdc32","status":"publish","type":"product","link":"https:\/\/tomatoglasses.com\/de\/product\/tkdc32\/","title":{"rendered":"TKDC32"},"content":{"rendered":"<img loading=\"lazy\" decoding=\"async\" class=\"alignnone size-full wp-image-11292\" src=\"https:\/\/tomatoglasses.com\/de\/wp-content\/uploads\/sites\/7\/2025\/09\/product_detail_img_01.jpg\" alt=\"\" width=\"840\" height=\"370\" srcset=\"https:\/\/tomatoglasses.com\/de\/wp-content\/uploads\/sites\/7\/2025\/09\/product_detail_img_01.jpg 840w, https:\/\/tomatoglasses.com\/de\/wp-content\/uploads\/sites\/7\/2025\/09\/product_detail_img_01-300x132.jpg 300w, https:\/\/tomatoglasses.com\/de\/wp-content\/uploads\/sites\/7\/2025\/09\/product_detail_img_01-768x338.jpg 768w, https:\/\/tomatoglasses.com\/de\/wp-content\/uploads\/sites\/7\/2025\/09\/product_detail_img_01-686x302.jpg 686w\" sizes=\"auto, (max-width: 840px) 100vw, 840px\" \/> <img loading=\"lazy\" decoding=\"async\" class=\"alignnone size-full wp-image-11293\" src=\"https:\/\/tomatoglasses.com\/de\/wp-content\/uploads\/sites\/7\/2025\/09\/TKDC32_detail_img_02.jpg\" alt=\"\" width=\"840\" height=\"370\" srcset=\"https:\/\/tomatoglasses.com\/de\/wp-content\/uploads\/sites\/7\/2025\/09\/TKDC32_detail_img_02.jpg 840w, https:\/\/tomatoglasses.com\/de\/wp-content\/uploads\/sites\/7\/2025\/09\/TKDC32_detail_img_02-300x132.jpg 300w, https:\/\/tomatoglasses.com\/de\/wp-content\/uploads\/sites\/7\/2025\/09\/TKDC32_detail_img_02-768x338.jpg 768w, https:\/\/tomatoglasses.com\/de\/wp-content\/uploads\/sites\/7\/2025\/09\/TKDC32_detail_img_02-686x302.jpg 686w\" sizes=\"auto, (max-width: 840px) 100vw, 840px\" \/> <img loading=\"lazy\" decoding=\"async\" class=\"alignnone size-full wp-image-11294\" src=\"https:\/\/tomatoglasses.com\/de\/wp-content\/uploads\/sites\/7\/2025\/09\/TKDC32_detail_img_03.jpg\" alt=\"\" width=\"840\" height=\"370\" srcset=\"https:\/\/tomatoglasses.com\/de\/wp-content\/uploads\/sites\/7\/2025\/09\/TKDC32_detail_img_03.jpg 840w, https:\/\/tomatoglasses.com\/de\/wp-content\/uploads\/sites\/7\/2025\/09\/TKDC32_detail_img_03-300x132.jpg 300w, https:\/\/tomatoglasses.com\/de\/wp-content\/uploads\/sites\/7\/2025\/09\/TKDC32_detail_img_03-768x338.jpg 768w, https:\/\/tomatoglasses.com\/de\/wp-content\/uploads\/sites\/7\/2025\/09\/TKDC32_detail_img_03-686x302.jpg 686w\" sizes=\"auto, (max-width: 840px) 100vw, 840px\" \/>\n<h3>Innen mit Glitzer beschichtet<\/h3>\n<p><img loading=\"lazy\" decoding=\"async\" class=\"alignnone wp-image-11713 size-full\" src=\"https:\/\/tomatoglasses.com\/de\/wp-content\/uploads\/sites\/7\/2025\/09\/tkdctkfc-t_purple\uc548\uba74.jpg\" alt=\"\" width=\"840\" height=\"370\" srcset=\"https:\/\/tomatoglasses.com\/de\/wp-content\/uploads\/sites\/7\/2025\/09\/tkdctkfc-t_purple\uc548\uba74.jpg 840w, https:\/\/tomatoglasses.com\/de\/wp-content\/uploads\/sites\/7\/2025\/09\/tkdctkfc-t_purple\uc548\uba74-300x132.jpg 300w, https:\/\/tomatoglasses.com\/de\/wp-content\/uploads\/sites\/7\/2025\/09\/tkdctkfc-t_purple\uc548\uba74-768x338.jpg 768w, https:\/\/tomatoglasses.com\/de\/wp-content\/uploads\/sites\/7\/2025\/09\/tkdctkfc-t_purple\uc548\uba74-686x302.jpg 686w\" sizes=\"auto, (max-width: 840px) 100vw, 840px\" \/><br \/>\nInnen<\/p>\n<p><img loading=\"lazy\" decoding=\"async\" class=\"alignnone wp-image-11714 size-full\" src=\"https:\/\/tomatoglasses.com\/de\/wp-content\/uploads\/sites\/7\/2025\/09\/tkdctkfc-t_purple_\uac89\uba74.jpg\" alt=\"\" width=\"840\" height=\"370\" srcset=\"https:\/\/tomatoglasses.com\/de\/wp-content\/uploads\/sites\/7\/2025\/09\/tkdctkfc-t_purple_\uac89\uba74.jpg 840w, https:\/\/tomatoglasses.com\/de\/wp-content\/uploads\/sites\/7\/2025\/09\/tkdctkfc-t_purple_\uac89\uba74-300x132.jpg 300w, https:\/\/tomatoglasses.com\/de\/wp-content\/uploads\/sites\/7\/2025\/09\/tkdctkfc-t_purple_\uac89\uba74-768x338.jpg 768w, https:\/\/tomatoglasses.com\/de\/wp-content\/uploads\/sites\/7\/2025\/09\/tkdctkfc-t_purple_\uac89\uba74-686x302.jpg 686w\" sizes=\"auto, (max-width: 840px) 100vw, 840px\" \/><br \/>\nAu\u00dfen<\/p>\n<p>Bitte beachten Sie, dass die Glitzerbeschichtung nur auf der Innenseite aufgetragen ist. Innen- und Au\u00dfenseite haben unterschiedliche Oberfl\u00e4chen<\/p>\n","protected":false},"excerpt":{"rendered":"<p>Innen mit Glitzer beschichtet Innen Au\u00dfen Bitte beachten Sie, dass die Glitzerbeschichtung nur auf der Innenseite aufgetragen ist. Innen- und Au\u00dfenseite haben unterschiedliche Oberfl\u00e4chen<\/p>\n","protected":false},"featured_media":11295,"comment_status":"open","ping_status":"closed","template":"","meta":[],"class_list":["post-11263","product","type-product","status-publish","has-post-thumbnail","hentry","product_cat-tomato-kids-d"],"_links":{"self":[{"href":"https:\/\/tomatoglasses.com\/de\/wp-json\/wp\/v2\/product\/11263","targetHints":{"allow":["GET"]}}],"collection":[{"href":"https:\/\/tomatoglasses.com\/de\/wp-json\/wp\/v2\/product"}],"about":[{"href":"https:\/\/tomatoglasses.com\/de\/wp-json\/wp\/v2\/types\/product"}],"replies":[{"embeddable":true,"href":"https:\/\/tomatoglasses.com\/de\/wp-json\/wp\/v2\/comments?post=11263"}],"wp:featuredmedia":[{"embeddable":true,"href":"https:\/\/tomatoglasses.com\/de\/wp-json\/wp\/v2\/media\/11295"}],"wp:attachment":[{"href":"https:\/\/tomatoglasses.com\/de\/wp-json\/wp\/v2\/media?parent=11263"}],"curies":[{"name":"wp","href":"https:\/\/api.w.org\/{rel}","templated":true}]}}