{"id":11321,"date":"2025-09-29T17:44:04","date_gmt":"2025-09-29T08:44:04","guid":{"rendered":"https:\/\/tomatoglasses.com\/es\/product\/tkec45\/"},"modified":"2025-10-13T10:16:12","modified_gmt":"2025-10-13T01:16:12","slug":"tkec45","status":"publish","type":"product","link":"https:\/\/tomatoglasses.com\/es\/product\/tkec45\/","title":{"rendered":"TKEC45"},"content":{"rendered":"<p>Un modelo ovalado sencillo, dise\u00f1ado con im\u00e1genes que encantan a los ni\u00f1os.<br \/>\n\u203b Aunque se parece al modelo Kids A (TKAC), el frente y las patillas del marco no son compatibles con el modelo Kids A.<\/p>\n<img loading=\"lazy\" decoding=\"async\" class=\"alignnone size-full wp-image-11564\" src=\"https:\/\/tomatoglasses.com\/es\/wp-content\/uploads\/sites\/6\/2025\/09\/TKEC45_detail_img_01.jpg\" alt=\"\" width=\"840\" height=\"370\" srcset=\"https:\/\/tomatoglasses.com\/es\/wp-content\/uploads\/sites\/6\/2025\/09\/TKEC45_detail_img_01.jpg 840w, https:\/\/tomatoglasses.com\/es\/wp-content\/uploads\/sites\/6\/2025\/09\/TKEC45_detail_img_01-300x132.jpg 300w, https:\/\/tomatoglasses.com\/es\/wp-content\/uploads\/sites\/6\/2025\/09\/TKEC45_detail_img_01-768x338.jpg 768w, https:\/\/tomatoglasses.com\/es\/wp-content\/uploads\/sites\/6\/2025\/09\/TKEC45_detail_img_01-686x302.jpg 686w\" sizes=\"auto, (max-width: 840px) 100vw, 840px\" \/> <img loading=\"lazy\" decoding=\"async\" class=\"alignnone size-full wp-image-11565\" src=\"https:\/\/tomatoglasses.com\/es\/wp-content\/uploads\/sites\/6\/2025\/09\/TKEC45_detail_img_02.jpg\" alt=\"\" width=\"840\" height=\"370\" srcset=\"https:\/\/tomatoglasses.com\/es\/wp-content\/uploads\/sites\/6\/2025\/09\/TKEC45_detail_img_02.jpg 840w, https:\/\/tomatoglasses.com\/es\/wp-content\/uploads\/sites\/6\/2025\/09\/TKEC45_detail_img_02-300x132.jpg 300w, https:\/\/tomatoglasses.com\/es\/wp-content\/uploads\/sites\/6\/2025\/09\/TKEC45_detail_img_02-768x338.jpg 768w, https:\/\/tomatoglasses.com\/es\/wp-content\/uploads\/sites\/6\/2025\/09\/TKEC45_detail_img_02-686x302.jpg 686w\" sizes=\"auto, (max-width: 840px) 100vw, 840px\" \/> <img loading=\"lazy\" decoding=\"async\" class=\"alignnone size-full wp-image-11566\" src=\"https:\/\/tomatoglasses.com\/es\/wp-content\/uploads\/sites\/6\/2025\/09\/TKEC45_detail_img_03.jpg\" alt=\"\" width=\"840\" height=\"370\" srcset=\"https:\/\/tomatoglasses.com\/es\/wp-content\/uploads\/sites\/6\/2025\/09\/TKEC45_detail_img_03.jpg 840w, https:\/\/tomatoglasses.com\/es\/wp-content\/uploads\/sites\/6\/2025\/09\/TKEC45_detail_img_03-300x132.jpg 300w, https:\/\/tomatoglasses.com\/es\/wp-content\/uploads\/sites\/6\/2025\/09\/TKEC45_detail_img_03-768x338.jpg 768w, https:\/\/tomatoglasses.com\/es\/wp-content\/uploads\/sites\/6\/2025\/09\/TKEC45_detail_img_03-686x302.jpg 686w\" sizes=\"auto, (max-width: 840px) 100vw, 840px\" \/>\n<h3>Recubierto con purpurina en el interior<\/h3>\n<p><img loading=\"lazy\" decoding=\"async\" class=\"alignnone wp-image-11811 size-full\" src=\"https:\/\/tomatoglasses.com\/es\/wp-content\/uploads\/sites\/6\/2025\/09\/tkec-t_pink_\uc548\uba74.jpg\" alt=\"\" width=\"840\" height=\"370\" srcset=\"https:\/\/tomatoglasses.com\/es\/wp-content\/uploads\/sites\/6\/2025\/09\/tkec-t_pink_\uc548\uba74.jpg 840w, https:\/\/tomatoglasses.com\/es\/wp-content\/uploads\/sites\/6\/2025\/09\/tkec-t_pink_\uc548\uba74-300x132.jpg 300w, https:\/\/tomatoglasses.com\/es\/wp-content\/uploads\/sites\/6\/2025\/09\/tkec-t_pink_\uc548\uba74-768x338.jpg 768w, https:\/\/tomatoglasses.com\/es\/wp-content\/uploads\/sites\/6\/2025\/09\/tkec-t_pink_\uc548\uba74-686x302.jpg 686w\" sizes=\"auto, (max-width: 840px) 100vw, 840px\" \/><br \/>\ninterior<\/p>\n<p><img loading=\"lazy\" decoding=\"async\" class=\"alignnone wp-image-11810 size-full\" src=\"https:\/\/tomatoglasses.com\/es\/wp-content\/uploads\/sites\/6\/2025\/09\/tkec-t_pink\uac89\uba74.jpg\" alt=\"\" width=\"840\" height=\"370\" srcset=\"https:\/\/tomatoglasses.com\/es\/wp-content\/uploads\/sites\/6\/2025\/09\/tkec-t_pink\uac89\uba74.jpg 840w, https:\/\/tomatoglasses.com\/es\/wp-content\/uploads\/sites\/6\/2025\/09\/tkec-t_pink\uac89\uba74-300x132.jpg 300w, https:\/\/tomatoglasses.com\/es\/wp-content\/uploads\/sites\/6\/2025\/09\/tkec-t_pink\uac89\uba74-768x338.jpg 768w, https:\/\/tomatoglasses.com\/es\/wp-content\/uploads\/sites\/6\/2025\/09\/tkec-t_pink\uac89\uba74-686x302.jpg 686w\" sizes=\"auto, (max-width: 840px) 100vw, 840px\" \/><br \/>\nexterior<\/p>\n<p>Tenga en cuenta que la purpurina se aplica solo en la superficie interior. Las superficies interior y exterior tienen diferentes acabados<\/p>\n","protected":false},"excerpt":{"rendered":"<p>Un modelo ovalado sencillo, dise\u00f1ado con im\u00e1genes que encantan a los ni\u00f1os. \u203b Aunque se parece al modelo Kids A (TKAC), el frente y las patillas del marco no son compatibles con el modelo Kids A. Recubierto con purpurina en el interior interior exterior Tenga en cuenta que la purpurina se aplica solo en la [&hellip;]<\/p>\n","protected":false},"featured_media":11567,"comment_status":"open","ping_status":"closed","template":"","meta":[],"class_list":["post-11321","product","type-product","status-publish","has-post-thumbnail","hentry","product_cat-tomato-kids-e"],"_links":{"self":[{"href":"https:\/\/tomatoglasses.com\/es\/wp-json\/wp\/v2\/product\/11321","targetHints":{"allow":["GET"]}}],"collection":[{"href":"https:\/\/tomatoglasses.com\/es\/wp-json\/wp\/v2\/product"}],"about":[{"href":"https:\/\/tomatoglasses.com\/es\/wp-json\/wp\/v2\/types\/product"}],"replies":[{"embeddable":true,"href":"https:\/\/tomatoglasses.com\/es\/wp-json\/wp\/v2\/comments?post=11321"}],"wp:featuredmedia":[{"embeddable":true,"href":"https:\/\/tomatoglasses.com\/es\/wp-json\/wp\/v2\/media\/11567"}],"wp:attachment":[{"href":"https:\/\/tomatoglasses.com\/es\/wp-json\/wp\/v2\/media?parent=11321"}],"curies":[{"name":"wp","href":"https:\/\/api.w.org\/{rel}","templated":true}]}}