{"id":11226,"date":"2025-09-29T17:41:28","date_gmt":"2025-09-29T08:41:28","guid":{"rendered":"https:\/\/tomatoglasses.com\/fr\/product\/tkec15\/"},"modified":"2025-10-01T10:31:37","modified_gmt":"2025-10-01T01:31:37","slug":"tkec15","status":"publish","type":"product","link":"https:\/\/tomatoglasses.com\/fr\/product\/tkec15\/","title":{"rendered":"TKEC15"},"content":{"rendered":"<p>Un mod\u00e8le ovale simple, d\u00e9cor\u00e9 d&rsquo;images que les enfants adorent.<br \/>\n\u203b Bien qu&rsquo;il ressemble aux Kids A (TKAC), sa monture et ses branches ne sont pas compatibles avec les Kids A<\/p>\n<img loading=\"lazy\" decoding=\"async\" class=\"alignnone size-full wp-image-11425\" src=\"https:\/\/tomatoglasses.com\/fr\/wp-content\/uploads\/sites\/9\/2025\/09\/TKEC15_detail_img_01.jpg\" alt=\"\" width=\"840\" height=\"370\" \/> <img loading=\"lazy\" decoding=\"async\" class=\"alignnone size-full wp-image-11426\" src=\"https:\/\/tomatoglasses.com\/fr\/wp-content\/uploads\/sites\/9\/2025\/09\/TKEC15_detail_img_02.jpg\" alt=\"\" width=\"840\" height=\"370\" \/> <img loading=\"lazy\" decoding=\"async\" class=\"alignnone size-full wp-image-11427\" src=\"https:\/\/tomatoglasses.com\/fr\/wp-content\/uploads\/sites\/9\/2025\/09\/TKEC15_detail_img_03.jpg\" alt=\"\" width=\"840\" height=\"370\" \/>\n","protected":false},"excerpt":{"rendered":"<p>Un mod\u00e8le ovale simple, d\u00e9cor\u00e9 d&rsquo;images que les enfants adorent. \u203b Bien qu&rsquo;il ressemble aux Kids A (TKAC), sa monture et ses branches ne sont pas compatibles avec les Kids A<\/p>\n","protected":false},"featured_media":11368,"comment_status":"open","ping_status":"closed","template":"","meta":[],"class_list":["post-11226","product","type-product","status-publish","has-post-thumbnail","hentry","product_cat-tomato-kids-e"],"_links":{"self":[{"href":"https:\/\/tomatoglasses.com\/fr\/wp-json\/wp\/v2\/product\/11226","targetHints":{"allow":["GET"]}}],"collection":[{"href":"https:\/\/tomatoglasses.com\/fr\/wp-json\/wp\/v2\/product"}],"about":[{"href":"https:\/\/tomatoglasses.com\/fr\/wp-json\/wp\/v2\/types\/product"}],"replies":[{"embeddable":true,"href":"https:\/\/tomatoglasses.com\/fr\/wp-json\/wp\/v2\/comments?post=11226"}],"wp:featuredmedia":[{"embeddable":true,"href":"https:\/\/tomatoglasses.com\/fr\/wp-json\/wp\/v2\/media\/11368"}],"wp:attachment":[{"href":"https:\/\/tomatoglasses.com\/fr\/wp-json\/wp\/v2\/media?parent=11226"}],"curies":[{"name":"wp","href":"https:\/\/api.w.org\/{rel}","templated":true}]}}