{"id":11245,"date":"2025-09-29T17:41:29","date_gmt":"2025-09-29T08:41:29","guid":{"rendered":"https:\/\/tomatoglasses.com\/fr\/product\/tkec702\/"},"modified":"2025-10-01T10:31:38","modified_gmt":"2025-10-01T01:31:38","slug":"tkec702","status":"publish","type":"product","link":"https:\/\/tomatoglasses.com\/fr\/product\/tkec702\/","title":{"rendered":"TKEC702"},"content":{"rendered":"<p>Un mod\u00e8le ovale simple, d\u00e9cor\u00e9 d&rsquo;images que les enfants adorent.<br \/>\n\u203b Bien qu&rsquo;il ressemble aux Kids A (TKAC), sa monture et ses branches ne sont pas compatibles avec les Kids A<\/p>\n<img loading=\"lazy\" decoding=\"async\" class=\"alignnone size-full wp-image-11517\" src=\"https:\/\/tomatoglasses.com\/fr\/wp-content\/uploads\/sites\/9\/2025\/09\/TKEC702_detail_img_01.jpg\" alt=\"\" width=\"840\" height=\"370\" srcset=\"https:\/\/tomatoglasses.com\/fr\/wp-content\/uploads\/sites\/9\/2025\/09\/TKEC702_detail_img_01.jpg 840w, https:\/\/tomatoglasses.com\/fr\/wp-content\/uploads\/sites\/9\/2025\/09\/TKEC702_detail_img_01-300x132.jpg 300w, https:\/\/tomatoglasses.com\/fr\/wp-content\/uploads\/sites\/9\/2025\/09\/TKEC702_detail_img_01-768x338.jpg 768w, https:\/\/tomatoglasses.com\/fr\/wp-content\/uploads\/sites\/9\/2025\/09\/TKEC702_detail_img_01-686x302.jpg 686w\" sizes=\"auto, (max-width: 840px) 100vw, 840px\" \/> <img loading=\"lazy\" decoding=\"async\" class=\"alignnone size-full wp-image-11518\" src=\"https:\/\/tomatoglasses.com\/fr\/wp-content\/uploads\/sites\/9\/2025\/09\/TKEC702_detail_img_02.jpg\" alt=\"\" width=\"840\" height=\"370\" srcset=\"https:\/\/tomatoglasses.com\/fr\/wp-content\/uploads\/sites\/9\/2025\/09\/TKEC702_detail_img_02.jpg 840w, https:\/\/tomatoglasses.com\/fr\/wp-content\/uploads\/sites\/9\/2025\/09\/TKEC702_detail_img_02-300x132.jpg 300w, https:\/\/tomatoglasses.com\/fr\/wp-content\/uploads\/sites\/9\/2025\/09\/TKEC702_detail_img_02-768x338.jpg 768w, https:\/\/tomatoglasses.com\/fr\/wp-content\/uploads\/sites\/9\/2025\/09\/TKEC702_detail_img_02-686x302.jpg 686w\" sizes=\"auto, (max-width: 840px) 100vw, 840px\" \/> <img loading=\"lazy\" decoding=\"async\" class=\"alignnone size-full wp-image-11519\" src=\"https:\/\/tomatoglasses.com\/fr\/wp-content\/uploads\/sites\/9\/2025\/09\/TKEC702_detail_img_03.jpg\" alt=\"\" width=\"840\" height=\"370\" srcset=\"https:\/\/tomatoglasses.com\/fr\/wp-content\/uploads\/sites\/9\/2025\/09\/TKEC702_detail_img_03.jpg 840w, https:\/\/tomatoglasses.com\/fr\/wp-content\/uploads\/sites\/9\/2025\/09\/TKEC702_detail_img_03-300x132.jpg 300w, https:\/\/tomatoglasses.com\/fr\/wp-content\/uploads\/sites\/9\/2025\/09\/TKEC702_detail_img_03-768x338.jpg 768w, https:\/\/tomatoglasses.com\/fr\/wp-content\/uploads\/sites\/9\/2025\/09\/TKEC702_detail_img_03-686x302.jpg 686w\" sizes=\"auto, (max-width: 840px) 100vw, 840px\" \/>\n","protected":false},"excerpt":{"rendered":"<p>Un mod\u00e8le ovale simple, d\u00e9cor\u00e9 d&rsquo;images que les enfants adorent. \u203b Bien qu&rsquo;il ressemble aux Kids A (TKAC), sa monture et ses branches ne sont pas compatibles avec les Kids A<\/p>\n","protected":false},"featured_media":11520,"comment_status":"open","ping_status":"closed","template":"","meta":[],"class_list":["post-11245","product","type-product","status-publish","has-post-thumbnail","hentry","product_cat-tomato-kids-e"],"_links":{"self":[{"href":"https:\/\/tomatoglasses.com\/fr\/wp-json\/wp\/v2\/product\/11245","targetHints":{"allow":["GET"]}}],"collection":[{"href":"https:\/\/tomatoglasses.com\/fr\/wp-json\/wp\/v2\/product"}],"about":[{"href":"https:\/\/tomatoglasses.com\/fr\/wp-json\/wp\/v2\/types\/product"}],"replies":[{"embeddable":true,"href":"https:\/\/tomatoglasses.com\/fr\/wp-json\/wp\/v2\/comments?post=11245"}],"wp:featuredmedia":[{"embeddable":true,"href":"https:\/\/tomatoglasses.com\/fr\/wp-json\/wp\/v2\/media\/11520"}],"wp:attachment":[{"href":"https:\/\/tomatoglasses.com\/fr\/wp-json\/wp\/v2\/media?parent=11245"}],"curies":[{"name":"wp","href":"https:\/\/api.w.org\/{rel}","templated":true}]}}