{"id":11257,"date":"2025-09-29T17:41:31","date_gmt":"2025-09-29T08:41:31","guid":{"rendered":"https:\/\/tomatoglasses.com\/fr\/product\/tkfc21\/"},"modified":"2025-10-01T10:31:39","modified_gmt":"2025-10-01T01:31:39","slug":"tkfc21","status":"publish","type":"product","link":"https:\/\/tomatoglasses.com\/fr\/product\/tkfc21\/","title":{"rendered":"TKFC21"},"content":{"rendered":"<p>Dot\u00e9 d&rsquo;une monture douce et arrondie avec des branches d\u00e9cor\u00e9es de diff\u00e9rents motifs.<\/p>\n<img loading=\"lazy\" decoding=\"async\" class=\"alignnone size-full wp-image-11668\" src=\"https:\/\/tomatoglasses.com\/fr\/wp-content\/uploads\/sites\/9\/2025\/09\/TKFC21_detail_img_01.jpg\" alt=\"\" width=\"840\" height=\"370\" srcset=\"https:\/\/tomatoglasses.com\/fr\/wp-content\/uploads\/sites\/9\/2025\/09\/TKFC21_detail_img_01.jpg 840w, https:\/\/tomatoglasses.com\/fr\/wp-content\/uploads\/sites\/9\/2025\/09\/TKFC21_detail_img_01-300x132.jpg 300w, https:\/\/tomatoglasses.com\/fr\/wp-content\/uploads\/sites\/9\/2025\/09\/TKFC21_detail_img_01-768x338.jpg 768w, https:\/\/tomatoglasses.com\/fr\/wp-content\/uploads\/sites\/9\/2025\/09\/TKFC21_detail_img_01-686x302.jpg 686w\" sizes=\"auto, (max-width: 840px) 100vw, 840px\" \/> <img loading=\"lazy\" decoding=\"async\" class=\"alignnone size-full wp-image-11669\" src=\"https:\/\/tomatoglasses.com\/fr\/wp-content\/uploads\/sites\/9\/2025\/09\/TKFC21_detail_img_02.jpg\" alt=\"\" width=\"840\" height=\"370\" srcset=\"https:\/\/tomatoglasses.com\/fr\/wp-content\/uploads\/sites\/9\/2025\/09\/TKFC21_detail_img_02.jpg 840w, https:\/\/tomatoglasses.com\/fr\/wp-content\/uploads\/sites\/9\/2025\/09\/TKFC21_detail_img_02-300x132.jpg 300w, https:\/\/tomatoglasses.com\/fr\/wp-content\/uploads\/sites\/9\/2025\/09\/TKFC21_detail_img_02-768x338.jpg 768w, https:\/\/tomatoglasses.com\/fr\/wp-content\/uploads\/sites\/9\/2025\/09\/TKFC21_detail_img_02-686x302.jpg 686w\" sizes=\"auto, (max-width: 840px) 100vw, 840px\" \/> <img loading=\"lazy\" decoding=\"async\" class=\"alignnone size-full wp-image-11670\" src=\"https:\/\/tomatoglasses.com\/fr\/wp-content\/uploads\/sites\/9\/2025\/09\/TKFC21_detail_img_03.jpg\" alt=\"\" width=\"840\" height=\"370\" srcset=\"https:\/\/tomatoglasses.com\/fr\/wp-content\/uploads\/sites\/9\/2025\/09\/TKFC21_detail_img_03.jpg 840w, https:\/\/tomatoglasses.com\/fr\/wp-content\/uploads\/sites\/9\/2025\/09\/TKFC21_detail_img_03-300x132.jpg 300w, https:\/\/tomatoglasses.com\/fr\/wp-content\/uploads\/sites\/9\/2025\/09\/TKFC21_detail_img_03-768x338.jpg 768w, https:\/\/tomatoglasses.com\/fr\/wp-content\/uploads\/sites\/9\/2025\/09\/TKFC21_detail_img_03-686x302.jpg 686w\" sizes=\"auto, (max-width: 840px) 100vw, 840px\" \/>\n","protected":false},"excerpt":{"rendered":"<p>Dot\u00e9 d&rsquo;une monture douce et arrondie avec des branches d\u00e9cor\u00e9es de diff\u00e9rents motifs.<\/p>\n","protected":false},"featured_media":11671,"comment_status":"open","ping_status":"closed","template":"","meta":[],"class_list":["post-11257","product","type-product","status-publish","has-post-thumbnail","hentry","product_cat-tomato-kids-f"],"_links":{"self":[{"href":"https:\/\/tomatoglasses.com\/fr\/wp-json\/wp\/v2\/product\/11257","targetHints":{"allow":["GET"]}}],"collection":[{"href":"https:\/\/tomatoglasses.com\/fr\/wp-json\/wp\/v2\/product"}],"about":[{"href":"https:\/\/tomatoglasses.com\/fr\/wp-json\/wp\/v2\/types\/product"}],"replies":[{"embeddable":true,"href":"https:\/\/tomatoglasses.com\/fr\/wp-json\/wp\/v2\/comments?post=11257"}],"wp:featuredmedia":[{"embeddable":true,"href":"https:\/\/tomatoglasses.com\/fr\/wp-json\/wp\/v2\/media\/11671"}],"wp:attachment":[{"href":"https:\/\/tomatoglasses.com\/fr\/wp-json\/wp\/v2\/media?parent=11257"}],"curies":[{"name":"wp","href":"https:\/\/api.w.org\/{rel}","templated":true}]}}