{"id":11270,"date":"2025-09-30T11:23:29","date_gmt":"2025-09-30T02:23:29","guid":{"rendered":"https:\/\/tomatoglasses.com\/fr\/?post_type=product&#038;p=11270"},"modified":"2025-10-13T10:29:53","modified_gmt":"2025-10-13T01:29:53","slug":"tkbc31","status":"publish","type":"product","link":"https:\/\/tomatoglasses.com\/fr\/product\/tkbc31\/","title":{"rendered":"TKBC31"},"content":{"rendered":"<img loading=\"lazy\" decoding=\"async\" class=\"alignnone size-full wp-image-11275\" src=\"https:\/\/tomatoglasses.com\/fr\/wp-content\/uploads\/sites\/9\/2025\/09\/TKBC31_detail_img_01.jpg\" alt=\"\" width=\"840\" height=\"370\" srcset=\"https:\/\/tomatoglasses.com\/fr\/wp-content\/uploads\/sites\/9\/2025\/09\/TKBC31_detail_img_01.jpg 840w, https:\/\/tomatoglasses.com\/fr\/wp-content\/uploads\/sites\/9\/2025\/09\/TKBC31_detail_img_01-300x132.jpg 300w, https:\/\/tomatoglasses.com\/fr\/wp-content\/uploads\/sites\/9\/2025\/09\/TKBC31_detail_img_01-768x338.jpg 768w, https:\/\/tomatoglasses.com\/fr\/wp-content\/uploads\/sites\/9\/2025\/09\/TKBC31_detail_img_01-686x302.jpg 686w\" sizes=\"auto, (max-width: 840px) 100vw, 840px\" \/> <img loading=\"lazy\" decoding=\"async\" class=\"alignnone size-full wp-image-11276\" src=\"https:\/\/tomatoglasses.com\/fr\/wp-content\/uploads\/sites\/9\/2025\/09\/TKBC31_detail_img_02.jpg\" alt=\"\" width=\"840\" height=\"370\" srcset=\"https:\/\/tomatoglasses.com\/fr\/wp-content\/uploads\/sites\/9\/2025\/09\/TKBC31_detail_img_02.jpg 840w, https:\/\/tomatoglasses.com\/fr\/wp-content\/uploads\/sites\/9\/2025\/09\/TKBC31_detail_img_02-300x132.jpg 300w, https:\/\/tomatoglasses.com\/fr\/wp-content\/uploads\/sites\/9\/2025\/09\/TKBC31_detail_img_02-768x338.jpg 768w, https:\/\/tomatoglasses.com\/fr\/wp-content\/uploads\/sites\/9\/2025\/09\/TKBC31_detail_img_02-686x302.jpg 686w\" sizes=\"auto, (max-width: 840px) 100vw, 840px\" \/> <img loading=\"lazy\" decoding=\"async\" class=\"alignnone size-full wp-image-11277\" src=\"https:\/\/tomatoglasses.com\/fr\/wp-content\/uploads\/sites\/9\/2025\/09\/TKBC31_detail_img_03.jpg\" alt=\"\" width=\"840\" height=\"370\" srcset=\"https:\/\/tomatoglasses.com\/fr\/wp-content\/uploads\/sites\/9\/2025\/09\/TKBC31_detail_img_03.jpg 840w, https:\/\/tomatoglasses.com\/fr\/wp-content\/uploads\/sites\/9\/2025\/09\/TKBC31_detail_img_03-300x132.jpg 300w, https:\/\/tomatoglasses.com\/fr\/wp-content\/uploads\/sites\/9\/2025\/09\/TKBC31_detail_img_03-768x338.jpg 768w, https:\/\/tomatoglasses.com\/fr\/wp-content\/uploads\/sites\/9\/2025\/09\/TKBC31_detail_img_03-686x302.jpg 686w\" sizes=\"auto, (max-width: 840px) 100vw, 840px\" \/>\n<h3>Rev\u00eatement int\u00e9rieur paillet\u00e9<\/h3>\n<p><img loading=\"lazy\" decoding=\"async\" class=\"alignnone wp-image-11721 size-full\" src=\"https:\/\/tomatoglasses.com\/fr\/wp-content\/uploads\/sites\/9\/2025\/09\/tkbctkcc-t_pink\uc548\uba74.jpg\" alt=\"\" width=\"840\" height=\"370\" srcset=\"https:\/\/tomatoglasses.com\/fr\/wp-content\/uploads\/sites\/9\/2025\/09\/tkbctkcc-t_pink\uc548\uba74.jpg 840w, https:\/\/tomatoglasses.com\/fr\/wp-content\/uploads\/sites\/9\/2025\/09\/tkbctkcc-t_pink\uc548\uba74-300x132.jpg 300w, https:\/\/tomatoglasses.com\/fr\/wp-content\/uploads\/sites\/9\/2025\/09\/tkbctkcc-t_pink\uc548\uba74-768x338.jpg 768w, https:\/\/tomatoglasses.com\/fr\/wp-content\/uploads\/sites\/9\/2025\/09\/tkbctkcc-t_pink\uc548\uba74-686x302.jpg 686w\" sizes=\"auto, (max-width: 840px) 100vw, 840px\" \/><br \/>\nint\u00e9rieur<\/p>\n<p><img loading=\"lazy\" decoding=\"async\" class=\"alignnone wp-image-11720 size-full\" src=\"https:\/\/tomatoglasses.com\/fr\/wp-content\/uploads\/sites\/9\/2025\/09\/tkbctkcc-t_pink\uac89\uba74.jpg\" alt=\"\" width=\"840\" height=\"370\" srcset=\"https:\/\/tomatoglasses.com\/fr\/wp-content\/uploads\/sites\/9\/2025\/09\/tkbctkcc-t_pink\uac89\uba74.jpg 840w, https:\/\/tomatoglasses.com\/fr\/wp-content\/uploads\/sites\/9\/2025\/09\/tkbctkcc-t_pink\uac89\uba74-300x132.jpg 300w, https:\/\/tomatoglasses.com\/fr\/wp-content\/uploads\/sites\/9\/2025\/09\/tkbctkcc-t_pink\uac89\uba74-768x338.jpg 768w, https:\/\/tomatoglasses.com\/fr\/wp-content\/uploads\/sites\/9\/2025\/09\/tkbctkcc-t_pink\uac89\uba74-686x302.jpg 686w\" sizes=\"auto, (max-width: 840px) 100vw, 840px\" \/><br \/>\next\u00e9rieur<\/p>\n<p>Veuillez noter que le rev\u00eatement paillet\u00e9 est appliqu\u00e9 uniquement sur la surface int\u00e9rieure. Les surfaces int\u00e9rieures et ext\u00e9rieures pr\u00e9sentent des finitions diff\u00e9rentes<\/p>\n<p>&nbsp;<\/p>\n","protected":false},"excerpt":{"rendered":"<p>Rev\u00eatement int\u00e9rieur paillet\u00e9 int\u00e9rieur ext\u00e9rieur Veuillez noter que le rev\u00eatement paillet\u00e9 est appliqu\u00e9 uniquement sur la surface int\u00e9rieure. Les surfaces int\u00e9rieures et ext\u00e9rieures pr\u00e9sentent des finitions diff\u00e9rentes &nbsp;<\/p>\n","protected":false},"featured_media":11278,"comment_status":"open","ping_status":"closed","template":"","meta":[],"class_list":["post-11270","product","type-product","status-publish","has-post-thumbnail","hentry","product_cat-tomato-kids-b"],"_links":{"self":[{"href":"https:\/\/tomatoglasses.com\/fr\/wp-json\/wp\/v2\/product\/11270","targetHints":{"allow":["GET"]}}],"collection":[{"href":"https:\/\/tomatoglasses.com\/fr\/wp-json\/wp\/v2\/product"}],"about":[{"href":"https:\/\/tomatoglasses.com\/fr\/wp-json\/wp\/v2\/types\/product"}],"replies":[{"embeddable":true,"href":"https:\/\/tomatoglasses.com\/fr\/wp-json\/wp\/v2\/comments?post=11270"}],"wp:featuredmedia":[{"embeddable":true,"href":"https:\/\/tomatoglasses.com\/fr\/wp-json\/wp\/v2\/media\/11278"}],"wp:attachment":[{"href":"https:\/\/tomatoglasses.com\/fr\/wp-json\/wp\/v2\/media?parent=11270"}],"curies":[{"name":"wp","href":"https:\/\/api.w.org\/{rel}","templated":true}]}}